{"id":242,"date":"2017-07-29T00:55:37","date_gmt":"2017-07-28T22:55:37","guid":{"rendered":"http:\/\/lyceejeanracine.fr\/wdps\/?page_id=242"},"modified":"2021-08-12T10:34:24","modified_gmt":"2021-08-12T08:34:24","slug":"nous-contacter","status":"publish","type":"page","link":"https:\/\/lyceejeanracine.fr\/wdps\/index.php\/nous-contacter\/","title":{"rendered":"Nous contacter"},"content":{"rendered":"\n<h3 class=\"wp-block-heading\">Lyc\u00e9e Jean Racine<br>541 Rue Pasteur<br>80500 MONTDIDIER<br>T\u00e9l\u00e9phone (standard) : 03 22 98 31 60<br>Boite mail : <a href=\"mailto:ce.0801853e@ac-amiens.fr\">ce.0801853e@ac-amiens.fr<\/a><\/h3>\n\n\n\n<h2 class=\"wp-block-heading\"><span class=\"has-inline-color has-vivid-cyan-blue-color\"><strong>Pour contacter la vie scolaire<\/strong><\/span>:<\/h2>\n\n\n\n<h3 class=\"wp-block-heading\"><a href=\"mailto:viescojr@ac-amiens.fr\" target=\"_blank\" rel=\"noreferrer noopener\"><strong>viescojr@ac-amiens.fr <\/strong><\/a><\/h3>\n\n\n\n<h2 class=\"wp-block-heading\"><span class=\"has-inline-color has-vivid-cyan-blue-color\"><strong>Pour contacter la gestion<\/strong><\/span>:<\/h2>\n\n\n\n<h3 class=\"wp-block-heading\"><strong>En passant par le standard : 03 22 98 31 60<\/strong><\/h3>\n\n\n\n<h2 class=\"wp-block-heading\"><span class=\"has-inline-color has-vivid-cyan-blue-color\">Formulaire de contact:<\/span><\/h2>\n\n\n\n<h4 class=\"wp-block-heading\"><strong>Nous contacter en utilisant le formulaire :<br><span style=\"color: #ff0000;\">Ce formulaire ne peut pas \u00eatre utilis\u00e9 pour justifier d&rsquo;une absence ou d&rsquo;un retard, ou pour demander l&rsquo;envoi de documents administratifs<\/span><\/strong><\/h4>\n\n\n\n<div class=\"wp-block-contact-form-7-contact-form-selector\"><div role=\"form\" class=\"wpcf7\" id=\"wpcf7-f227-o1\" lang=\"fr-FR\" dir=\"ltr\">\n<div class=\"screen-reader-response\"><p role=\"status\" aria-live=\"polite\" aria-atomic=\"true\"><\/p> <ul><\/ul><\/div>\n<form action=\"\/wdps\/index.php\/wp-json\/wp\/v2\/pages\/242#wpcf7-f227-o1\" method=\"post\" class=\"wpcf7-form init\" novalidate=\"novalidate\" data-status=\"init\">\n<div style=\"display: none;\">\n<input type=\"hidden\" name=\"_wpcf7\" value=\"227\" \/>\n<input type=\"hidden\" name=\"_wpcf7_version\" value=\"5.6.3\" \/>\n<input type=\"hidden\" name=\"_wpcf7_locale\" value=\"fr_FR\" \/>\n<input type=\"hidden\" name=\"_wpcf7_unit_tag\" value=\"wpcf7-f227-o1\" \/>\n<input type=\"hidden\" name=\"_wpcf7_container_post\" value=\"0\" \/>\n<input type=\"hidden\" name=\"_wpcf7_posted_data_hash\" value=\"\" \/>\n<\/div>\n<table width=\"100%\" border=\"1\" cellspacing=\"0\" cellpadding=\"0\">\n<tr>\n<td width=\"50%\" align=\"center\" bgcolor=\"#D6D6D6\"><strong>QUELQUES INFORMATIONS NECESSAIRES<\/strong><\/td>\n<td width=\"50%\" align=\"center\" bgcolor=\"#E8E8E9\"><strong>VOTRE MESSAGE<\/strong><\/td>\n<\/tr>\n<tr>\n<td valign=\"top\" bgcolor=\"#D6D6D6\">\n<p><label> Votre nom (obligatoire):<br \/>\n       <span class=\"wpcf7-form-control-wrap\" data-name=\"your-name\"><input type=\"text\" name=\"your-name\" value=\"\" size=\"40\" class=\"wpcf7-form-control wpcf7-text wpcf7-validates-as-required\" aria-required=\"true\" aria-invalid=\"false\" \/><\/span> <\/label><\/p>\n<p><label> Votre e-mail (obligatoire):<br \/>\n       <span class=\"wpcf7-form-control-wrap\" data-name=\"your-email\"><input type=\"email\" name=\"your-email\" value=\"\" size=\"40\" class=\"wpcf7-form-control wpcf7-text wpcf7-email wpcf7-validates-as-required wpcf7-validates-as-email\" aria-required=\"true\" aria-invalid=\"false\" \/><\/span> <\/label><\/p>\n<p><label> Nom et pr\u00e9nom de l'\u00e9l\u00e8ve :<br \/>\n       <span class=\"wpcf7-form-control-wrap\" data-name=\"eleve\"><input type=\"text\" name=\"eleve\" value=\"\" size=\"40\" class=\"wpcf7-form-control wpcf7-text\" aria-invalid=\"false\" \/><\/span> <\/label><\/p>\n<p><label> Classe de l'\u00e9l\u00e8ve :<br \/>\n       <span class=\"wpcf7-form-control-wrap\" data-name=\"classe\"><input type=\"text\" name=\"classe\" value=\"\" size=\"40\" class=\"wpcf7-form-control wpcf7-text\" aria-invalid=\"false\" \/><\/span> <\/label><\/p>\n<\/td>\n<td valign=\"top\" bgcolor=\"#E8E8E9\" height=\"100\">\n<p><label> Sujet de votre message (obligatoire):<br \/>\n      <span class=\"wpcf7-form-control-wrap\" data-name=\"your-subject\"><input type=\"text\" name=\"your-subject\" value=\"\" size=\"40\" class=\"wpcf7-form-control wpcf7-text wpcf7-validates-as-required\" aria-required=\"true\" aria-invalid=\"false\" \/><\/span> <\/label><\/p>\n<p><label> Votre message (obligatoire):<br \/>\n      <span class=\"wpcf7-form-control-wrap\" data-name=\"your-message\"><textarea name=\"your-message\" cols=\"40\" rows=\"10\" maxlength=\"400\" minlength=\"10\" class=\"wpcf7-form-control wpcf7-textarea wpcf7-validates-as-required textareaform\" aria-required=\"true\" aria-invalid=\"false\"><\/textarea><\/span><br \/>\n      <\/label><\/p>\n<p><span class=\"wpcf7-character-count down\" data-target-name=\"your-message\" data-starting-value=\"400\" data-current-value=\"400\" data-maximum-value=\"400\" data-minimum-value=\"10\">400<\/span> caract\u00e8res restants<\/p>\n<\/td>\n<\/tr>\n<\/table>\n<p><center><br \/>\n <div id=\"cf7sr-69d452e92dff4\" class=\"cf7sr-g-recaptcha\" data-sitekey=\"6LeNv_sUAAAAAFCH-RKxsAVN_8lEhhjXISbu_DuQ\"><\/div><span class=\"wpcf7-form-control-wrap cf7sr-recaptcha\"><input type=\"hidden\" name=\"cf7sr-recaptcha\" value=\"\" class=\"wpcf7-form-control\"><\/span><br \/>\n<input type=\"submit\" value=\"Envoyer\" class=\"wpcf7-form-control has-spinner wpcf7-submit\" \/><br \/>\n<\/center><\/p>\n<div class=\"wpcf7-response-output\" aria-hidden=\"true\"><\/div><\/form><\/div><\/div>\n","protected":false},"excerpt":{"rendered":"<h3 class=\"wp-block-heading\">Lyc\u00e9e Jean Racine<br \/>541 Rue Pasteur<br \/>80500 MONTDIDIER<br \/>T\u00e9l\u00e9phone (standard) : 03 22 98 31 60<br \/>Boite mail : <a href=\"mailto:ce.0801853e@ac-amiens.fr\">ce.0801853e@ac-amiens.fr<\/a><\/h3>\n<h2 class=\"wp-block-heading\"><span class=\"has-inline-color has-vivid-cyan-blue-color\"><strong>Pour contacter la vie scolaire<\/strong><\/span>:<\/h2>\n<h3 class=\"wp-block-heading\"><a href=\"mailto:viescojr@ac-amiens.fr\" target=\"_blank\" rel=\"noreferrer noopener\"><strong>viescojr@ac-amiens.fr <\/strong><\/a><\/h3>\n<h2 class=\"wp-block-heading\"><span class=\"has-inline-color has-vivid-cyan-blue-color\"><strong>Pour contacter la gestion<\/strong><\/span>:<\/h2>\n<h3 class=\"wp-block-heading\"><strong>En passant par le standard : 03 22 98 31 60<\/strong><\/h3>\n<h2 class=\"wp-block-heading\"><span class=\"has-inline-color &hellip; <\/p>\n<p><a class=\"more-link btn\" href=\"https:\/\/lyceejeanracine.fr\/wdps\/index.php\/nous-contacter\/\">Lire la suite<\/a><\/p>\n<p><\/span><\/h2>\n","protected":false},"author":1,"featured_media":0,"parent":0,"menu_order":0,"comment_status":"closed","ping_status":"closed","template":"","meta":{"ngg_post_thumbnail":0,"footnotes":""},"post_mailing_queue_ids":[],"_links":{"self":[{"href":"https:\/\/lyceejeanracine.fr\/wdps\/index.php\/wp-json\/wp\/v2\/pages\/242"}],"collection":[{"href":"https:\/\/lyceejeanracine.fr\/wdps\/index.php\/wp-json\/wp\/v2\/pages"}],"about":[{"href":"https:\/\/lyceejeanracine.fr\/wdps\/index.php\/wp-json\/wp\/v2\/types\/page"}],"author":[{"embeddable":true,"href":"https:\/\/lyceejeanracine.fr\/wdps\/index.php\/wp-json\/wp\/v2\/users\/1"}],"replies":[{"embeddable":true,"href":"https:\/\/lyceejeanracine.fr\/wdps\/index.php\/wp-json\/wp\/v2\/comments?post=242"}],"version-history":[{"count":10,"href":"https:\/\/lyceejeanracine.fr\/wdps\/index.php\/wp-json\/wp\/v2\/pages\/242\/revisions"}],"predecessor-version":[{"id":5188,"href":"https:\/\/lyceejeanracine.fr\/wdps\/index.php\/wp-json\/wp\/v2\/pages\/242\/revisions\/5188"}],"wp:attachment":[{"href":"https:\/\/lyceejeanracine.fr\/wdps\/index.php\/wp-json\/wp\/v2\/media?parent=242"}],"curies":[{"name":"wp","href":"https:\/\/api.w.org\/{rel}","templated":true}]}}