{"id":3225,"date":"2019-12-23T08:00:18","date_gmt":"2019-12-23T07:00:18","guid":{"rendered":"http:\/\/lyceejeanracine.fr\/wdps\/?page_id=3225"},"modified":"2020-09-11T11:48:17","modified_gmt":"2020-09-11T09:48:17","slug":"classe-de-seconde-ap-en-francais","status":"publish","type":"page","link":"https:\/\/lyceejeanracine.fr\/wdps\/index.php\/classe-de-seconde-ap-en-francais\/","title":{"rendered":"L&rsquo;AP EN FRAN\u00c7AIS (2nde et 1\u00e8re)"},"content":{"rendered":"<h2 style=\"text-align: center;\"><span style=\"text-decoration: underline;\">A.P. EN FRAN\u00c7AIS:<\/span><\/h2>\n<h4 style=\"text-align: center;\"><span style=\"color: #ff0000;\"><strong>Vous pouvez consulter le planning de l&rsquo;AP en Fran\u00e7ais en classe de seconde et de premi\u00e8re :&nbsp;<\/strong><\/span><\/h4>\n<ul>\n<li><a href=\"https:\/\/lyceejeanracine.fr\/wdps\/wp-content\/uploads\/2020\/09\/Planning-d\u00e9but-AP-fran\u00e7ais-Secondes.pdf\">Planning d\u00e9but AP fran\u00e7ais Secondes<\/a><\/li>\n<li><a href=\"https:\/\/lyceejeanracine.fr\/wdps\/wp-content\/uploads\/2020\/09\/Planning-d\u00e9but-AP-fran\u00e7ais-Premi\u00e8res.pdf\">Planning d\u00e9but AP fran\u00e7ais Premi\u00e8res<\/a><\/li>\n<\/ul>\n<p>Vous pouvez retrouver toutes ces infos sur l&rsquo;AP dans le menu <strong><span style=\"color: #0000ff;\">Orientation\/Informations<\/span><\/strong><\/p>\n","protected":false},"excerpt":{"rendered":"<h2 style=\"text-align: center;\"><span style=\"text-decoration: underline;\">A.P. EN FRAN\u00c7AIS:<\/span><\/h2>\n<p> <span style=\"color: #ff0000;\"><strong>Vous pouvez consulter le planning de l&rsquo;AP en Fran\u00e7ais en classe de seconde et de premi\u00e8re :&nbsp;<\/strong><\/span> <\/p>\n<ul>\n<li><a href=\"https:\/\/lyceejeanracine.fr\/wdps\/wp-content\/uploads\/2020\/09\/Planning-d\u00e9but-AP-fran\u00e7ais-Secondes.pdf\">Planning d\u00e9but AP fran\u00e7ais Secondes<\/a><\/li>\n<li><a href=\"https:\/\/lyceejeanracine.fr\/wdps\/wp-content\/uploads\/2020\/09\/Planning-d\u00e9but-AP-fran\u00e7ais-Premi\u00e8res.pdf\">Planning d\u00e9but AP fran\u00e7ais Premi\u00e8res<\/a><\/li>\n<\/ul>\n<p>Vous pouvez retrouver toutes ces infos sur l&rsquo;AP dans le menu <strong><span style=\"color: #0000ff;\">Orientation\/Informations<\/span><\/strong><\/p>\n","protected":false},"author":1,"featured_media":0,"parent":0,"menu_order":0,"comment_status":"closed","ping_status":"closed","template":"","meta":{"ngg_post_thumbnail":0,"footnotes":""},"post_mailing_queue_ids":[],"_links":{"self":[{"href":"https:\/\/lyceejeanracine.fr\/wdps\/index.php\/wp-json\/wp\/v2\/pages\/3225"}],"collection":[{"href":"https:\/\/lyceejeanracine.fr\/wdps\/index.php\/wp-json\/wp\/v2\/pages"}],"about":[{"href":"https:\/\/lyceejeanracine.fr\/wdps\/index.php\/wp-json\/wp\/v2\/types\/page"}],"author":[{"embeddable":true,"href":"https:\/\/lyceejeanracine.fr\/wdps\/index.php\/wp-json\/wp\/v2\/users\/1"}],"replies":[{"embeddable":true,"href":"https:\/\/lyceejeanracine.fr\/wdps\/index.php\/wp-json\/wp\/v2\/comments?post=3225"}],"version-history":[{"count":7,"href":"https:\/\/lyceejeanracine.fr\/wdps\/index.php\/wp-json\/wp\/v2\/pages\/3225\/revisions"}],"predecessor-version":[{"id":4235,"href":"https:\/\/lyceejeanracine.fr\/wdps\/index.php\/wp-json\/wp\/v2\/pages\/3225\/revisions\/4235"}],"wp:attachment":[{"href":"https:\/\/lyceejeanracine.fr\/wdps\/index.php\/wp-json\/wp\/v2\/media?parent=3225"}],"curies":[{"name":"wp","href":"https:\/\/api.w.org\/{rel}","templated":true}]}}