{"id":5854,"date":"2022-02-09T01:01:24","date_gmt":"2022-02-09T00:01:24","guid":{"rendered":"https:\/\/lyceejeanracine.fr\/wdps\/?page_id=5854"},"modified":"2025-09-25T09:01:57","modified_gmt":"2025-09-25T07:01:57","slug":"eleves-de-seconde-orientation","status":"publish","type":"page","link":"https:\/\/lyceejeanracine.fr\/wdps\/index.php\/eleves-de-seconde-orientation\/","title":{"rendered":"ELEVES DE SECONDE : PRESENTATION ET ORIENTATION"},"content":{"rendered":"\n<p>D\u00e9couvrez ou red\u00e9couvrez la pr\u00e9sentation de l&rsquo;orientation pour la voie g\u00e9n\u00e9rale et technologique<\/p>\n\n\n<div class=\"wp-block-image\">\n<figure class=\"alignleft size-medium\"><img loading=\"lazy\" decoding=\"async\" width=\"300\" height=\"136\" src=\"https:\/\/lyceejeanracine.fr\/wdps\/wp-content\/uploads\/2025\/09\/image-2-300x136.png\" alt=\"\" class=\"wp-image-9380\" srcset=\"https:\/\/lyceejeanracine.fr\/wdps\/wp-content\/uploads\/2025\/09\/image-2-300x136.png 300w, https:\/\/lyceejeanracine.fr\/wdps\/wp-content\/uploads\/2025\/09\/image-2-1024x464.png 1024w, https:\/\/lyceejeanracine.fr\/wdps\/wp-content\/uploads\/2025\/09\/image-2-768x348.png 768w, https:\/\/lyceejeanracine.fr\/wdps\/wp-content\/uploads\/2025\/09\/image-2-750x340.png 750w, https:\/\/lyceejeanracine.fr\/wdps\/wp-content\/uploads\/2025\/09\/image-2.png 1219w\" sizes=\"(max-width: 300px) 100vw, 300px\" \/><\/figure><\/div>\n\n\n<p class=\"has-text-align-center\"><strong><a href=\"https:\/\/lyceejeanracine.fr\/wdps\/wp-content\/uploads\/2025\/09\/diapo-parents-nouveaux-RS2025.pdf\">Le diaporama de <\/a><a href=\"https:\/\/lyceejeanracine.fr\/wdps\/wp-content\/uploads\/2025\/09\/diapo-parents-nouveaux-RS2025.pdf\" target=\"_blank\" rel=\"noreferrer noopener\">pr\u00e9sentation<\/a><\/strong><\/p>\n","protected":false},"excerpt":{"rendered":"<p>D\u00e9couvrez ou red\u00e9couvrez la pr\u00e9sentation de l&rsquo;orientation pour la voie g\u00e9n\u00e9rale et technologique<\/p>\n<p class=\"has-text-align-center\"><strong><a href=\"https:\/\/lyceejeanracine.fr\/wdps\/wp-content\/uploads\/2025\/09\/diapo-parents-nouveaux-RS2025.pdf\">Le diaporama de <\/a><a href=\"https:\/\/lyceejeanracine.fr\/wdps\/wp-content\/uploads\/2025\/09\/diapo-parents-nouveaux-RS2025.pdf\" target=\"_blank\" rel=\"noreferrer noopener\">pr\u00e9sentation<\/a><\/strong><\/p>\n","protected":false},"author":1,"featured_media":5856,"parent":0,"menu_order":0,"comment_status":"closed","ping_status":"closed","template":"","meta":{"ngg_post_thumbnail":0,"footnotes":""},"post_mailing_queue_ids":[],"_links":{"self":[{"href":"https:\/\/lyceejeanracine.fr\/wdps\/index.php\/wp-json\/wp\/v2\/pages\/5854"}],"collection":[{"href":"https:\/\/lyceejeanracine.fr\/wdps\/index.php\/wp-json\/wp\/v2\/pages"}],"about":[{"href":"https:\/\/lyceejeanracine.fr\/wdps\/index.php\/wp-json\/wp\/v2\/types\/page"}],"author":[{"embeddable":true,"href":"https:\/\/lyceejeanracine.fr\/wdps\/index.php\/wp-json\/wp\/v2\/users\/1"}],"replies":[{"embeddable":true,"href":"https:\/\/lyceejeanracine.fr\/wdps\/index.php\/wp-json\/wp\/v2\/comments?post=5854"}],"version-history":[{"count":2,"href":"https:\/\/lyceejeanracine.fr\/wdps\/index.php\/wp-json\/wp\/v2\/pages\/5854\/revisions"}],"predecessor-version":[{"id":9381,"href":"https:\/\/lyceejeanracine.fr\/wdps\/index.php\/wp-json\/wp\/v2\/pages\/5854\/revisions\/9381"}],"wp:featuredmedia":[{"embeddable":true,"href":"https:\/\/lyceejeanracine.fr\/wdps\/index.php\/wp-json\/wp\/v2\/media\/5856"}],"wp:attachment":[{"href":"https:\/\/lyceejeanracine.fr\/wdps\/index.php\/wp-json\/wp\/v2\/media?parent=5854"}],"curies":[{"name":"wp","href":"https:\/\/api.w.org\/{rel}","templated":true}]}}