{"id":6130,"date":"2022-06-07T23:54:18","date_gmt":"2022-06-07T21:54:18","guid":{"rendered":"https:\/\/lyceejeanracine.fr\/wdps\/?page_id=6130"},"modified":"2025-04-27T19:06:19","modified_gmt":"2025-04-27T17:06:19","slug":"les-options-au-lycee-jean-racine","status":"publish","type":"page","link":"https:\/\/lyceejeanracine.fr\/wdps\/index.php\/les-options-au-lycee-jean-racine\/","title":{"rendered":"LES OPTIONS AU LYCEE JEAN RACINE"},"content":{"rendered":"\n<p><mark style=\"background-color:rgba(0, 0, 0, 0)\" class=\"has-inline-color has-vivid-red-color\"><strong>N&rsquo;h\u00e9sitez pas \u00e0 vous renseigner sur les options et \u00e0 vous y inscrire par l&rsquo;interm\u00e9diaire du dossier d&rsquo;inscription<\/strong><\/mark><\/p>\n\n\n\n<ul>\n<li><mark style=\"background-color:rgba(0, 0, 0, 0)\" class=\"has-inline-color has-vivid-cyan-blue-color\"><strong>ITALIEN :<\/strong><\/mark>\n<ul>\n<li><a rel=\"noreferrer noopener\" href=\"https:\/\/lyceejeanracine.fr\/wdps\/wp-content\/uploads\/2022\/06\/Italien_LVC.pdf\" target=\"_blank\"><strong>Pr\u00e9sentation de l&rsquo;option italien<\/strong><\/a><\/li>\n\n\n\n<li><strong><a rel=\"noreferrer noopener\" href=\"https:\/\/lyceejeanracine.fr\/wdps\/wp-content\/uploads\/2022\/06\/sortie_a_paris.pdf\" target=\"_blank\">L&rsquo;Italie \u00e0 Paris<\/a><\/strong><\/li>\n<\/ul>\n<\/li>\n\n\n\n<li><mark style=\"background-color:rgba(0, 0, 0, 0)\" class=\"has-inline-color has-vivid-cyan-blue-color\"><strong>THEATRE:<br><\/strong><\/mark><mark style=\"background-color:rgba(0, 0, 0, 0)\" class=\"has-inline-color has-black-color\"><strong><a href=\"https:\/\/lyceejeanracine.fr\/wdps\/index.php\/category\/theatre\/\" target=\"_blank\" rel=\"noreferrer noopener\">Les articles concernant l&rsquo;option th\u00e9\u00e2tre<\/a><\/strong><\/mark><\/li>\n\n\n\n<li><strong><mark style=\"background-color:rgba(0, 0, 0, 0)\" class=\"has-inline-color has-vivid-cyan-blue-color\">LES ARTS PLASTIQUES:<\/mark><\/strong>\n<ul>\n<li><a rel=\"noreferrer noopener\" href=\"https:\/\/lyceejeanracine.fr\/wdps\/wp-content\/uploads\/2021\/02\/presentation-arts-plastiques.mp4\" target=\"_blank\"><strong>Une vid\u00e9o de pr\u00e9sentation<\/strong><\/a><\/li>\n\n\n\n<li><strong><a rel=\"noreferrer noopener\" href=\"https:\/\/lyceejeanracine.fr\/wdps\/index.php\/category\/arts-plastiques\/\" target=\"_blank\">Les actualit\u00e9s<\/a><\/strong><\/li>\n\n\n\n<li><a rel=\"noreferrer noopener\" href=\"http:\/\/artsplastiquesjeanracine.blogspot.com\/\" target=\"_blank\"><strong>Le blog des arts plastiques<\/strong><\/a><\/li>\n<\/ul>\n<\/li>\n\n\n\n<li><strong><mark style=\"background-color:rgba(0, 0, 0, 0)\" class=\"has-inline-color has-vivid-cyan-blue-color\">L&rsquo;OPTION ROBOTIQUE, LE P\u00d4LE INGENIEUR:<\/mark><\/strong><ul><li><a href=\"https:\/\/lyceejeanracine.fr\/wdps\/index.php\/category\/le-lycee\/le-lycee-general-et-technologique\/projet-robotique\/\" target=\"_blank\" rel=\"noreferrer noopener\"><strong>Les actualit\u00e9s de la robotique au lyc\u00e9e<\/strong><\/a> (joutes robotiques, \u00e9levage d&rsquo;un blob, etc&#8230;)<\/li><li><strong><a href=\"https:\/\/lyceejeanracine.fr\/wdps\/wp-content\/uploads\/2021\/02\/Brochure-2nd-Robotique-2021.pdf\" target=\"_blank\" rel=\"noreferrer noopener\">La brochure de pr\u00e9sentation de l&rsquo;option robotiqu<\/a><\/strong>e<\/li><\/ul>\n<ul>\n<li><a style=\"background-color: rgb(255, 255, 255);\" href=\"https:\/\/lyceejeanracine.fr\/wdps\/wp-content\/uploads\/2021\/02\/Plaquette-PEPI.pdf\" target=\"_blank\" rel=\"noreferrer noopener\"><strong>Pr\u00e9sentation du p\u00f4le d&rsquo;excellence \u00ab\u00a0Parcours Ing\u00e9nieur\u00a0\u00bb<\/strong><\/a><\/li>\n\n\n\n<li><strong><a href=\"https:\/\/lyceejeanracine.fr\/wdps\/wp-content\/uploads\/2025\/01\/Presentation-Option-robotique-2025-1.pdf\" target=\"_blank\" rel=\"noreferrer noopener\">Le diaporama de pr\u00e9sentation<\/a><\/strong><\/li>\n<\/ul>\n<\/li>\n\n\n\n<li><strong><mark style=\"background-color:rgba(0, 0, 0, 0)\" class=\"has-inline-color has-vivid-cyan-blue-color\">L&rsquo;OPTION<\/mark><\/strong><strong><mark style=\"background-color:rgba(0, 0, 0, 0)\" class=\"has-inline-color has-vivid-cyan-blue-color\">MANAGEMENT ET GESTION<\/mark><\/strong><br>En classe de seconde :\n<ul>\n<li><a rel=\"noreferrer noopener\" href=\"https:\/\/lyceejeanracine.fr\/wdps\/wp-content\/uploads\/2023\/02\/livret-management-et-gestion.pdf\" target=\"_blank\"><strong>Le livret<\/strong><\/a><\/li>\n\n\n\n<li><a rel=\"noreferrer noopener\" href=\"https:\/\/lyceejeanracine.fr\/wdps\/wp-content\/uploads\/2023\/02\/Management-et-Gestion-pres.pdf\" target=\"_blank\"><strong>La pr\u00e9sentation<\/strong><\/a><\/li>\n<\/ul>\n<\/li>\n\n\n\n<li><strong><mark style=\"background-color:rgba(0, 0, 0, 0)\" class=\"has-inline-color has-vivid-cyan-blue-color\">L&rsquo;OPTION SPORT (EPS):<\/mark><\/strong>\n<ul>\n<li><strong><a href=\"https:\/\/lyceejeanracine.fr\/wdps\/wp-content\/uploads\/2023\/04\/1-Texte-presentation-Option-EPS-2023-2024.pdf\" target=\"_blank\" rel=\"noreferrer noopener\">Pr\u00e9sentation de l&rsquo;option EPS<\/a><\/strong><\/li>\n\n\n\n<li><strong><a href=\"https:\/\/lyceejeanracine.fr\/wdps\/wp-content\/uploads\/2023\/04\/Affiche-option-EPS-2023.pdf\" target=\"_blank\" rel=\"noreferrer noopener\">Affiche de l&rsquo;option EPS<\/a><\/strong><\/li>\n\n\n\n<li><strong><a href=\"https:\/\/lyceejeanracine.fr\/wdps\/wp-content\/uploads\/2025\/03\/inscription-Option-EPS-2025-2026.pdf\" target=\"_blank\" rel=\"noreferrer noopener\">Fiche d&rsquo;inscription en seconde pour l&rsquo;option EPS<\/a><\/strong><\/li>\n\n\n\n<li><a href=\"https:\/\/lyceejeanracine.fr\/wdps\/wp-content\/uploads\/2025\/03\/inscription-AS-25-26.pdf\" target=\"_blank\" rel=\"noreferrer noopener\"><strong>Bulletin d&rsquo;inscription \u00e0 l&rsquo;association sportive<\/strong><\/a><\/li>\n\n\n\n<li><strong><a href=\"https:\/\/lyceejeanracine.fr\/wdps\/wp-admin\/post.php?post=8527&amp;action=edit\" data-type=\"link\" data-id=\"https:\/\/lyceejeanracine.fr\/wdps\/wp-admin\/post.php?post=8527&amp;action=edit\" target=\"_blank\" rel=\"noreferrer noopener\">S\u00e9jour SKI CHAMROUSSE<\/a><\/strong><\/li>\n\n\n\n<li><a href=\"https:\/\/podeduc.apps.education.fr\/video\/90195-lycee-jean-racine-sejour-ski-chamrousse-2025\/\" target=\"_blank\" rel=\"noreferrer noopener\"><strong>LA VIDEO DU SEJOUR A CHAMROUSSE<\/strong><\/a><\/li>\n<\/ul>\n<\/li>\n\n\n\n<li><mark style=\"background-color:rgba(0, 0, 0, 0)\" class=\"has-inline-color has-vivid-cyan-blue-color\"><strong>L&rsquo;ATELIER SCIENCES PO : <br><\/strong><\/mark><a href=\"https:\/\/drive.google.com\/file\/d\/1WapDndc8tbPmYlWLcnwQ2BVxCLEPo8Se\/view?usp=sharing\" target=\"_blank\" rel=\"noreferrer noopener\"><strong>Une vid\u00e9o de pr\u00e9sentation<\/strong><\/a><\/li>\n\n\n\n<li><strong><mark style=\"background-color:rgba(0, 0, 0, 0)\" class=\"has-inline-color has-vivid-cyan-blue-color\">P\u00d4LE SANTE:<br><\/mark><a rel=\"noreferrer noopener\" href=\"https:\/\/lyceejeanracine.fr\/wdps\/index.php\/une-video-de-presentation-du-pole-sante\/\" target=\"_blank\">Une vid\u00e9o du p\u00f4le d&rsquo;excellence sant\u00e9<\/a><br><\/strong><\/li>\n<\/ul>\n","protected":false},"excerpt":{"rendered":"<p><strong>N&rsquo;h\u00e9sitez pas \u00e0 vous renseigner sur les options et \u00e0 vous y inscrire par l&rsquo;interm\u00e9diaire du dossier d&rsquo;inscription<\/strong><\/p>\n<ul>\n<li><strong>ITALIEN :<\/strong>\n<ul>\n<li><a rel=\"noreferrer noopener\" href=\"https:\/\/lyceejeanracine.fr\/wdps\/wp-content\/uploads\/2022\/06\/Italien_LVC.pdf\" target=\"_blank\"><strong>Pr\u00e9sentation de l&rsquo;option italien<\/strong><\/a><\/li>\n<li><strong><a rel=\"noreferrer noopener\" href=\"https:\/\/lyceejeanracine.fr\/wdps\/wp-content\/uploads\/2022\/06\/sortie_a_paris.pdf\" target=\"_blank\">L&rsquo;Italie \u00e0 Paris<\/a><\/strong><\/li>\n<\/ul>\n<\/li>\n<li><strong>THEATRE:<br \/><\/strong><strong><a href=\"https:\/\/lyceejeanracine.fr\/wdps\/index.php\/category\/theatre\/\" target=\"_blank\" rel=\"noreferrer noopener\">Les articles concernant l&rsquo;option th\u00e9\u00e2tre<\/a><\/strong><\/li>\n<li><strong>LES ARTS PLASTIQUES:<\/strong>\n<ul>\n<li><a rel=\"noreferrer noopener\" &hellip; <\/p>\n<p><a class=\"more-link btn\" href=\"https:\/\/lyceejeanracine.fr\/wdps\/index.php\/les-options-au-lycee-jean-racine\/\">Lire la suite<\/a><\/p>\n<p><\/a><\/li>\n<\/ul>\n<\/li>\n<\/ul>\n","protected":false},"author":1,"featured_media":0,"parent":0,"menu_order":0,"comment_status":"closed","ping_status":"closed","template":"","meta":{"ngg_post_thumbnail":0,"footnotes":""},"post_mailing_queue_ids":[],"_links":{"self":[{"href":"https:\/\/lyceejeanracine.fr\/wdps\/index.php\/wp-json\/wp\/v2\/pages\/6130"}],"collection":[{"href":"https:\/\/lyceejeanracine.fr\/wdps\/index.php\/wp-json\/wp\/v2\/pages"}],"about":[{"href":"https:\/\/lyceejeanracine.fr\/wdps\/index.php\/wp-json\/wp\/v2\/types\/page"}],"author":[{"embeddable":true,"href":"https:\/\/lyceejeanracine.fr\/wdps\/index.php\/wp-json\/wp\/v2\/users\/1"}],"replies":[{"embeddable":true,"href":"https:\/\/lyceejeanracine.fr\/wdps\/index.php\/wp-json\/wp\/v2\/comments?post=6130"}],"version-history":[{"count":15,"href":"https:\/\/lyceejeanracine.fr\/wdps\/index.php\/wp-json\/wp\/v2\/pages\/6130\/revisions"}],"predecessor-version":[{"id":8687,"href":"https:\/\/lyceejeanracine.fr\/wdps\/index.php\/wp-json\/wp\/v2\/pages\/6130\/revisions\/8687"}],"wp:attachment":[{"href":"https:\/\/lyceejeanracine.fr\/wdps\/index.php\/wp-json\/wp\/v2\/media?parent=6130"}],"curies":[{"name":"wp","href":"https:\/\/api.w.org\/{rel}","templated":true}]}}