{"id":8668,"date":"2025-04-25T22:41:30","date_gmt":"2025-04-25T20:41:30","guid":{"rendered":"https:\/\/lyceejeanracine.fr\/wdps\/?page_id=8668"},"modified":"2025-05-13T18:40:11","modified_gmt":"2025-05-13T16:40:11","slug":"voyage-en-irlande","status":"publish","type":"page","link":"https:\/\/lyceejeanracine.fr\/wdps\/index.php\/voyage-en-irlande\/","title":{"rendered":"Voyage en IRLANDE"},"content":{"rendered":"\n<p>du 9 au 14 mai 2025<\/p>\n\n\n\n<figure class=\"wp-block-gallery has-nested-images columns-default is-cropped wp-block-gallery-1 is-layout-flex wp-block-gallery-is-layout-flex\">\n<figure class=\"wp-block-image size-large\"><img loading=\"lazy\" decoding=\"async\" width=\"1024\" height=\"347\" data-id=\"8672\" src=\"https:\/\/lyceejeanracine.fr\/wdps\/wp-content\/uploads\/2025\/04\/banniere-irlande-1024x347.jpg\" alt=\"\" class=\"wp-image-8672\" srcset=\"https:\/\/lyceejeanracine.fr\/wdps\/wp-content\/uploads\/2025\/04\/banniere-irlande-1024x347.jpg 1024w, https:\/\/lyceejeanracine.fr\/wdps\/wp-content\/uploads\/2025\/04\/banniere-irlande-300x102.jpg 300w, https:\/\/lyceejeanracine.fr\/wdps\/wp-content\/uploads\/2025\/04\/banniere-irlande-768x260.jpg 768w, https:\/\/lyceejeanracine.fr\/wdps\/wp-content\/uploads\/2025\/04\/banniere-irlande-750x254.jpg 750w, https:\/\/lyceejeanracine.fr\/wdps\/wp-content\/uploads\/2025\/04\/banniere-irlande.jpg 1062w\" sizes=\"(max-width: 1024px) 100vw, 1024px\" \/><\/figure>\n<\/figure>\n\n\n\n<p><\/p>\n\n\n\n<p><strong><mark style=\"background-color:rgba(0, 0, 0, 0);color:#35c032\" class=\"has-inline-color\">LES ELEVES VOYAGEURS VOUS PROPOSERONT (ON ESPERE) REGULIEREMENT DES PASTILLES AUDIOS (INTERVIEW, REPORTAGES) ENREGISTRES ET MONTES SUR PLACE <\/mark><\/strong><\/p>\n\n\n\n<p><strong>JOUR 3  (11\/05\/2025) : APRES LA VISITE DU MUSEE DU TITANIC ET DE BELFAST <\/strong><\/p>\n\n\n\n<iframe loading=\"lazy\" src=\"https:\/\/podeduc.apps.education.fr\/video\/92562-voyage-en-irlande-2025-gautier-journee-3\/?is_iframe=true\" width=\"640\" height=\"244\" style=\"padding: 0; margin: 0; border:0\" allowfullscreen title=\"Voyage en Irlande (2025) : Gautier --> Journ\u00e9e 3&Prime; ><\/iframe>\n\n\n\n<hr class=\"wp-block-separator has-alpha-channel-opacity\"\/>\n\n\n\n<p><strong>JOUR 2  (10\/05\/2025) : PETITE CROISIERE EN BATEAU <\/strong><\/p>\n\n\n\n<p>Juste un mot pour l&rsquo;ambiance : <\/p>\n\n\n\n<iframe loading=\"lazy\" src=\"https:\/\/podeduc.apps.education.fr\/video\/92358-un-mot-pour-lambiance\/?is_iframe=true\" width=\"640\" height=\"244\" style=\"padding: 0; margin: 0; border:0\" allowfullscreen title=\"Un mot pour l'ambiance ?\" ><\/iframe>\n\n\n\n<p>Interview d&rsquo;une voyageuse allemande:<\/p>\n\n\n\n<iframe loading=\"lazy\" src=\"https:\/\/podeduc.apps.education.fr\/video\/92359-interview-dune-passagere-allemande\/?is_iframe=true\" width=\"640\" height=\"244\" style=\"padding: 0; margin: 0; border:0\" allowfullscreen title=\"Interview d'une passag\u00e8re allemande\" ><\/iframe>\n\n\n\n<p>Petite anecdote des profs : <\/p>\n\n\n\n<iframe loading=\"lazy\" src=\"https:\/\/podeduc.apps.education.fr\/video\/92225-voyage-en-irlande-2025-anecdote-de-prof\/?is_iframe=true\" width=\"640\" height=\"244\" style=\"padding: 0; margin: 0; border:0\" allowfullscreen title=\"Voyage en Irlande (2025) : Anecdote de prof\" ><\/iframe>\n\n\n\n<p><strong>JOUR 1  (09\/05\/2025) : LE DEPART <\/strong><\/p>\n\n\n\n<p>DANS LE BUS !<\/p>\n\n\n\n<iframe loading=\"lazy\" src=\"https:\/\/podeduc.apps.education.fr\/video\/92069-voyage-en-irlande-j1-comment-cela-se-passe-dans-le-bus\/?is_iframe=true\" width=\"640\" height=\"244\" style=\"padding: 0; margin: 0; border:0\" allowfullscreen title=\"Voyage en Irlande J1 : Comment cela se passe dans le bus ?\" ><\/iframe>\n\n\n\n<p>11H35 : PASSAGE DU PONT DE TANCARVILLE<\/p>\n\n\n\n<figure class=\"wp-block-image size-medium\"><img loading=\"lazy\" decoding=\"async\" width=\"225\" height=\"300\" src=\"https:\/\/lyceejeanracine.fr\/wdps\/wp-content\/uploads\/2025\/05\/IMG_20250509_113303-225x300.jpg\" alt=\"\" class=\"wp-image-8790\" srcset=\"https:\/\/lyceejeanracine.fr\/wdps\/wp-content\/uploads\/2025\/05\/IMG_20250509_113303-225x300.jpg 225w, https:\/\/lyceejeanracine.fr\/wdps\/wp-content\/uploads\/2025\/05\/IMG_20250509_113303-768x1024.jpg 768w, https:\/\/lyceejeanracine.fr\/wdps\/wp-content\/uploads\/2025\/05\/IMG_20250509_113303-1152x1536.jpg 1152w, https:\/\/lyceejeanracine.fr\/wdps\/wp-content\/uploads\/2025\/05\/IMG_20250509_113303-1536x2048.jpg 1536w, https:\/\/lyceejeanracine.fr\/wdps\/wp-content\/uploads\/2025\/05\/IMG_20250509_113303-750x1000.jpg 750w, https:\/\/lyceejeanracine.fr\/wdps\/wp-content\/uploads\/2025\/05\/IMG_20250509_113303-scaled.jpg 1920w\" sizes=\"(max-width: 225px) 100vw, 225px\" \/><\/figure>\n\n\n\n<p>9H00 : D\u00e9part \u00e0 l&rsquo;heure !<\/p>\n\n\n\n<figure data-wp-context=\"{ &quot;core&quot;:\n\t\t\t\t{ &quot;image&quot;:\n\t\t\t\t\t{   &quot;imageLoaded&quot;: false,\n\t\t\t\t\t\t&quot;initialized&quot;: false,\n\t\t\t\t\t\t&quot;lightboxEnabled&quot;: false,\n\t\t\t\t\t\t&quot;hideAnimationEnabled&quot;: false,\n\t\t\t\t\t\t&quot;preloadInitialized&quot;: false,\n\t\t\t\t\t\t&quot;lightboxAnimation&quot;: &quot;zoom&quot;,\n\t\t\t\t\t\t&quot;imageUploadedSrc&quot;: &quot;https:\/\/lyceejeanracine.fr\/wdps\/wp-content\/uploads\/2025\/05\/IMG_20250509_082530-scaled.jpg&quot;,\n\t\t\t\t\t\t&quot;imageCurrentSrc&quot;: &quot;&quot;,\n\t\t\t\t\t\t&quot;targetWidth&quot;: &quot;2560&quot;,\n\t\t\t\t\t\t&quot;targetHeight&quot;: &quot;1920&quot;,\n\t\t\t\t\t\t&quot;scaleAttr&quot;: &quot;&quot;,\n\t\t\t\t\t\t&quot;dialogLabel&quot;: &quot;Image agrandie&quot;\n\t\t\t\t\t}\n\t\t\t\t}\n\t\t\t}\" data-wp-interactive class=\"wp-block-image size-medium wp-lightbox-container\"><img loading=\"lazy\" decoding=\"async\" width=\"300\" height=\"225\" data-wp-effect--setStylesOnResize=\"effects.core.image.setStylesOnResize\" data-wp-effect=\"effects.core.image.setButtonStyles\" data-wp-init=\"effects.core.image.initOriginImage\" data-wp-on--click=\"actions.core.image.showLightbox\" data-wp-on--load=\"actions.core.image.handleLoad\" src=\"https:\/\/lyceejeanracine.fr\/wdps\/wp-content\/uploads\/2025\/05\/IMG_20250509_082530-300x225.jpg\" alt=\"\" class=\"wp-image-8784\" srcset=\"https:\/\/lyceejeanracine.fr\/wdps\/wp-content\/uploads\/2025\/05\/IMG_20250509_082530-300x225.jpg 300w, https:\/\/lyceejeanracine.fr\/wdps\/wp-content\/uploads\/2025\/05\/IMG_20250509_082530-1024x768.jpg 1024w, https:\/\/lyceejeanracine.fr\/wdps\/wp-content\/uploads\/2025\/05\/IMG_20250509_082530-768x576.jpg 768w, https:\/\/lyceejeanracine.fr\/wdps\/wp-content\/uploads\/2025\/05\/IMG_20250509_082530-1536x1152.jpg 1536w, https:\/\/lyceejeanracine.fr\/wdps\/wp-content\/uploads\/2025\/05\/IMG_20250509_082530-2048x1536.jpg 2048w, https:\/\/lyceejeanracine.fr\/wdps\/wp-content\/uploads\/2025\/05\/IMG_20250509_082530-750x563.jpg 750w\" sizes=\"(max-width: 300px) 100vw, 300px\" \/><button\n\t\t\tclass=\"lightbox-trigger\"\n\t\t\ttype=\"button\"\n\t\t\taria-haspopup=\"dialog\"\n\t\t\taria-label=\"Agrandir l\u2018image\"\n\t\t\tdata-wp-on--click=\"actions.core.image.showLightbox\"\n\t\t\tdata-wp-style--right=\"context.core.image.imageButtonRight\"\n\t\t\tdata-wp-style--top=\"context.core.image.imageButtonTop\"\n\t\t>\n\t\t\t<svg xmlns=\"http:\/\/www.w3.org\/2000\/svg\" width=\"12\" height=\"12\" fill=\"none\" viewBox=\"0 0 12 12\">\n\t\t\t\t<path fill=\"#fff\" d=\"M2 0a2 2 0 0 0-2 2v2h1.5V2a.5.5 0 0 1 .5-.5h2V0H2Zm2 10.5H2a.5.5 0 0 1-.5-.5V8H0v2a2 2 0 0 0 2 2h2v-1.5ZM8 12v-1.5h2a.5.5 0 0 0 .5-.5V8H12v2a2 2 0 0 1-2 2H8Zm2-12a2 2 0 0 1 2 2v2h-1.5V2a.5.5 0 0 0-.5-.5H8V0h2Z\" \/>\n\t\t\t<\/svg>\n\t\t<\/button>        <div data-wp-body=\"\" class=\"wp-lightbox-overlay zoom\"\n            data-wp-bind--role=\"selectors.core.image.roleAttribute\"\n            data-wp-bind--aria-label=\"selectors.core.image.dialogLabel\"\n            data-wp-class--initialized=\"context.core.image.initialized\"\n            data-wp-class--active=\"context.core.image.lightboxEnabled\"\n            data-wp-class--hideAnimationEnabled=\"context.core.image.hideAnimationEnabled\"\n            data-wp-bind--aria-modal=\"selectors.core.image.ariaModal\"\n            data-wp-effect=\"effects.core.image.initLightbox\"\n            data-wp-on--keydown=\"actions.core.image.handleKeydown\"\n            data-wp-on--touchstart=\"actions.core.image.handleTouchStart\"\n            data-wp-on--touchmove=\"actions.core.image.handleTouchMove\"\n            data-wp-on--touchend=\"actions.core.image.handleTouchEnd\"\n            data-wp-on--click=\"actions.core.image.hideLightbox\"\n            tabindex=\"-1\"\n            >\n                <button type=\"button\" aria-label=\"Fermer\" style=\"fill: #000\" class=\"close-button\" data-wp-on--click=\"actions.core.image.hideLightbox\">\n                    <svg xmlns=\"http:\/\/www.w3.org\/2000\/svg\" viewBox=\"0 0 24 24\" width=\"20\" height=\"20\" aria-hidden=\"true\" focusable=\"false\"><path d=\"M13 11.8l6.1-6.3-1-1-6.1 6.2-6.1-6.2-1 1 6.1 6.3-6.5 6.7 1 1 6.5-6.6 6.5 6.6 1-1z\"><\/path><\/svg>\n                <\/button>\n                <div class=\"lightbox-image-container\">\n<figure class=\"wp-block-image size-medium responsive-image\"><img decoding=\"async\" data-wp-bind--src=\"context.core.image.imageCurrentSrc\" data-wp-style--object-fit=\"selectors.core.image.lightboxObjectFit\" src=\"\" alt=\"\" class=\"wp-image-8784\"\/><\/figure>\n<\/div>\n                <div class=\"lightbox-image-container\">\n<figure class=\"wp-block-image size-medium enlarged-image\"><img decoding=\"async\" data-wp-bind--src=\"selectors.core.image.enlargedImgSrc\" data-wp-style--object-fit=\"selectors.core.image.lightboxObjectFit\" src=\"\" alt=\"\" class=\"wp-image-8784\"\/><\/figure>\n<\/div>\n                <div class=\"scrim\" style=\"background-color: #fff\" aria-hidden=\"true\"><\/div>\n        <\/div><\/figure>\n\n\n\n<hr class=\"wp-block-separator has-text-color has-vivid-cyan-blue-color has-alpha-channel-opacity has-vivid-cyan-blue-background-color has-background is-style-wide\"\/>\n\n\n\n<p><strong>EPISODE 1 :<\/strong> Suite \u00e0 la r\u00e9union d&rsquo;informations du lundi 28\/04, retrouvez Lo\u00efc et Axel qui questionnent un parent d&rsquo;\u00e9l\u00e8ve et un enseignant accompagnateur (M. Chevalier)<\/p>\n\n\n\n<iframe loading=\"lazy\" src=\"https:\/\/podeduc.apps.education.fr\/video\/90838-28_04_2025_reunion_parentsmp3\/?is_iframe=true\" width=\"640\" height=\"244\" style=\"padding: 0; margin: 0; border:0\" allowfullscreen title=\"28_04_2025_reunion_parents.mp3\" ><\/iframe>\n","protected":false},"excerpt":{"rendered":"<p>du 9 au 14 mai 2025<\/p>\n<\/p>\n<p><strong>LES ELEVES VOYAGEURS VOUS PROPOSERONT (ON ESPERE) REGULIEREMENT DES PASTILLES AUDIOS (INTERVIEW, REPORTAGES) ENREGISTRES ET MONTES SUR PLACE <\/strong><\/p>\n<p><strong>JOUR 3 (11\/05\/2025) : APRES LA VISITE DU MUSEE DU TITANIC ET DE BELFAST <\/strong><\/p>\n","protected":false},"author":1,"featured_media":0,"parent":0,"menu_order":0,"comment_status":"closed","ping_status":"closed","template":"","meta":{"ngg_post_thumbnail":0,"footnotes":""},"post_mailing_queue_ids":[],"_links":{"self":[{"href":"https:\/\/lyceejeanracine.fr\/wdps\/index.php\/wp-json\/wp\/v2\/pages\/8668"}],"collection":[{"href":"https:\/\/lyceejeanracine.fr\/wdps\/index.php\/wp-json\/wp\/v2\/pages"}],"about":[{"href":"https:\/\/lyceejeanracine.fr\/wdps\/index.php\/wp-json\/wp\/v2\/types\/page"}],"author":[{"embeddable":true,"href":"https:\/\/lyceejeanracine.fr\/wdps\/index.php\/wp-json\/wp\/v2\/users\/1"}],"replies":[{"embeddable":true,"href":"https:\/\/lyceejeanracine.fr\/wdps\/index.php\/wp-json\/wp\/v2\/comments?post=8668"}],"version-history":[{"count":17,"href":"https:\/\/lyceejeanracine.fr\/wdps\/index.php\/wp-json\/wp\/v2\/pages\/8668\/revisions"}],"predecessor-version":[{"id":8967,"href":"https:\/\/lyceejeanracine.fr\/wdps\/index.php\/wp-json\/wp\/v2\/pages\/8668\/revisions\/8967"}],"wp:attachment":[{"href":"https:\/\/lyceejeanracine.fr\/wdps\/index.php\/wp-json\/wp\/v2\/media?parent=8668"}],"curies":[{"name":"wp","href":"https:\/\/api.w.org\/{rel}","templated":true}]}}